{"id":84,"date":"2023-04-19T15:25:45","date_gmt":"2023-04-19T15:25:45","guid":{"rendered":"http:\/\/wp.ts-latam.com\/?page_id=84"},"modified":"2023-04-26T00:05:27","modified_gmt":"2023-04-26T00:05:27","slug":"servicios","status":"publish","type":"page","link":"https:\/\/www.ts-latam.com\/?page_id=84","title":{"rendered":"Servicios"},"content":{"rendered":"<p>[et_pb_section fb_built=&#8221;1&#8243; fullwidth=&#8221;on&#8221; _builder_version=&#8221;4.20.4&#8243; _module_preset=&#8221;default&#8221; global_colors_info=&#8221;{}&#8221;][et_pb_fullwidth_image src=&#8221;https:\/\/www.ts-latam.com\/wp-content\/uploads\/2023\/04\/m28-s-4.jpg&#8221; title_text=&#8221;m28-s-4&#8243; _builder_version=&#8221;4.20.4&#8243; _module_preset=&#8221;default&#8221; global_colors_info=&#8221;{}&#8221;][\/et_pb_fullwidth_image][\/et_pb_section][et_pb_section fb_built=&#8221;1&#8243; _builder_version=&#8221;4.20.4&#8243; _module_preset=&#8221;default&#8221; custom_padding=&#8221;60px||40px||false|false&#8221; hover_enabled=&#8221;0&#8243; global_colors_info=&#8221;{}&#8221; sticky_enabled=&#8221;0&#8243; module_id=&#8221;titulo_pagina&#8221;][et_pb_row _builder_version=&#8221;4.20.4&#8243; _module_preset=&#8221;default&#8221; global_colors_info=&#8221;{}&#8221;][et_pb_column type=&#8221;4_4&#8243; _builder_version=&#8221;4.20.4&#8243; _module_preset=&#8221;default&#8221; global_colors_info=&#8221;{}&#8221;][et_pb_text _builder_version=&#8221;4.20.4&#8243; _module_preset=&#8221;default&#8221; header_2_font=&#8221;Bebas Neue|700|||||||&#8221; header_2_font_size=&#8221;54px&#8221; animation_style=&#8221;slide&#8221; animation_direction=&#8221;bottom&#8221; animation_speed_curve=&#8221;ease&#8221; global_colors_info=&#8221;{}&#8221;]<\/p>\n<h2 class=\"mb--10 wow move-up  animate\" style=\"text-align: center;\">Servicios<\/h2>\n<p>[\/et_pb_text][\/et_pb_column][\/et_pb_row][\/et_pb_section][et_pb_section fb_built=&#8221;1&#8243; _builder_version=&#8221;4.20.4&#8243; _module_preset=&#8221;default&#8221; background_color=&#8221;#f9f9f9&#8243; custom_margin=&#8221;0px||||false|false&#8221; custom_padding=&#8221;0px||||false|false&#8221; hover_enabled=&#8221;0&#8243; global_colors_info=&#8221;{}&#8221; module_id=&#8221;cuerpo_pagina&#8221; sticky_enabled=&#8221;0&#8243;][et_pb_row column_structure=&#8221;1_3,1_3,1_3&#8243; module_id=&#8221;servicios&#8221; _builder_version=&#8221;4.20.4&#8243; _module_preset=&#8221;default&#8221; width=&#8221;100%&#8221; max_width=&#8221;100%&#8221; custom_padding=&#8221;|80px||80px|false|false&#8221; animation_style=&#8221;slide&#8221; animation_direction=&#8221;bottom&#8221; global_colors_info=&#8221;{}&#8221;][et_pb_column type=&#8221;1_3&#8243; _builder_version=&#8221;4.20.4&#8243; _module_preset=&#8221;default&#8221; global_colors_info=&#8221;{}&#8221;][et_pb_image src=&#8221;https:\/\/www.ts-latam.com\/wp-content\/uploads\/2023\/04\/marketing.png&#8221; title_text=&#8221;marketing&#8221; align=&#8221;center&#8221; _builder_version=&#8221;4.20.4&#8243; _module_preset=&#8221;default&#8221; background_color=&#8221;#FFFFFF&#8221; custom_margin=&#8221;||0px||false|false&#8221; custom_padding=&#8221;50px||40px||false|false&#8221; global_colors_info=&#8221;{}&#8221;][\/et_pb_image][et_pb_text _builder_version=&#8221;4.20.4&#8243; _module_preset=&#8221;default&#8221; text_font=&#8221;Bebas Neue||||||||&#8221; text_font_size=&#8221;16px&#8221; text_line_height=&#8221;2em&#8221; header_3_font=&#8221;Bebas Neue||||||||&#8221; header_3_font_size=&#8221;24px&#8221; background_color=&#8221;#FFFFFF&#8221; custom_padding=&#8221;|37px|15px|37px|false|false&#8221; global_colors_info=&#8221;{}&#8221;]<\/p>\n<h3 class=\"title fontWeight400 font--28 mb--10\" style=\"text-align: center;\">Marketing y Publicidad<\/h3>\n<p style=\"text-align: center;\"><span>Debemos aportar valor a la vida de las personas consumidoras de forma estrat\u00e9gica, con servicios, productos y contenidos que mejoren su cotidianidad de forma inmediata.<\/span><\/p>\n<p>[\/et_pb_text][\/et_pb_column][et_pb_column type=&#8221;1_3&#8243; _builder_version=&#8221;4.20.4&#8243; _module_preset=&#8221;default&#8221; global_colors_info=&#8221;{}&#8221;][et_pb_image src=&#8221;https:\/\/www.ts-latam.com\/wp-content\/uploads\/2023\/04\/comunicacion.png&#8221; title_text=&#8221;comunicacion&#8221; align=&#8221;center&#8221; _builder_version=&#8221;4.20.4&#8243; _module_preset=&#8221;default&#8221; background_color=&#8221;#FFFFFF&#8221; width=&#8221;150px&#8221; custom_margin=&#8221;||0px||false|false&#8221; custom_padding=&#8221;50px||40px||false|false&#8221; global_colors_info=&#8221;{}&#8221;][\/et_pb_image][et_pb_text _builder_version=&#8221;4.20.4&#8243; _module_preset=&#8221;default&#8221; text_font=&#8221;Bebas Neue||||||||&#8221; text_font_size=&#8221;16px&#8221; text_line_height=&#8221;2em&#8221; header_3_font=&#8221;Bebas Neue||||||||&#8221; header_3_font_size=&#8221;24px&#8221; background_color=&#8221;#FFFFFF&#8221; custom_padding=&#8221;|37px|15px|37px|false|false&#8221; global_colors_info=&#8221;{}&#8221;]<\/p>\n<h3 class=\"title fontWeight400 font--28 mb--10\" style=\"text-align: center;\">Comunicaci\u00f3n Estrat\u00e9gica<\/h3>\n<p style=\"text-align: center;\"><span>Para proyectos ambiciosos se<\/span><br \/><span>necesita una estrategia que aporte alto valor e integre cada elemento para comunicar nuestro mensaje de forma organizada y asertiva.<\/span><\/p>\n<p>[\/et_pb_text][\/et_pb_column][et_pb_column type=&#8221;1_3&#8243; _builder_version=&#8221;4.20.4&#8243; _module_preset=&#8221;default&#8221; global_colors_info=&#8221;{}&#8221;][et_pb_image src=&#8221;https:\/\/www.ts-latam.com\/wp-content\/uploads\/2023\/04\/branding.png&#8221; title_text=&#8221;branding&#8221; align=&#8221;center&#8221; _builder_version=&#8221;4.20.4&#8243; _module_preset=&#8221;default&#8221; background_color=&#8221;#FFFFFF&#8221; width=&#8221;150px&#8221; custom_margin=&#8221;||0px||false|false&#8221; custom_padding=&#8221;50px||40px||false|false&#8221; global_colors_info=&#8221;{}&#8221;][\/et_pb_image][et_pb_text _builder_version=&#8221;4.20.4&#8243; _module_preset=&#8221;default&#8221; text_font=&#8221;Bebas Neue||||||||&#8221; text_font_size=&#8221;16px&#8221; text_line_height=&#8221;2em&#8221; header_3_font=&#8221;Bebas Neue||||||||&#8221; header_3_font_size=&#8221;24px&#8221; background_color=&#8221;#FFFFFF&#8221; custom_padding=&#8221;|37px|15px|37px|false|false&#8221; global_colors_info=&#8221;{}&#8221;]<\/p>\n<h3 class=\"title fontWeight400 font--28 mb--10\" style=\"text-align: center;\">Branding<\/h3>\n<p style=\"text-align: center;\"><span>Una marca tiene identidad<\/span><br \/><span>como vos y como yo, eso es lo que impacta en<\/span><br \/><span>la experiencia de consumo de<\/span><br \/><span>nuestros clientes.<\/span><\/p>\n<p>[\/et_pb_text][\/et_pb_column][\/et_pb_row][et_pb_row column_structure=&#8221;1_3,1_3,1_3&#8243; module_id=&#8221;servicios&#8221; _builder_version=&#8221;4.20.4&#8243; _module_preset=&#8221;default&#8221; width=&#8221;100%&#8221; max_width=&#8221;100%&#8221; custom_padding=&#8221;|80px||80px|false|false&#8221; animation_style=&#8221;slide&#8221; animation_direction=&#8221;bottom&#8221; global_colors_info=&#8221;{}&#8221;][et_pb_column type=&#8221;1_3&#8243; _builder_version=&#8221;4.20.4&#8243; _module_preset=&#8221;default&#8221; global_colors_info=&#8221;{}&#8221;][et_pb_image src=&#8221;https:\/\/www.ts-latam.com\/wp-content\/uploads\/2023\/04\/diseno_grafico.png&#8221; title_text=&#8221;diseno_grafico&#8221; align=&#8221;center&#8221; _builder_version=&#8221;4.20.4&#8243; _module_preset=&#8221;default&#8221; background_color=&#8221;#FFFFFF&#8221; custom_margin=&#8221;||0px||false|false&#8221; custom_padding=&#8221;50px||40px||false|false&#8221; global_colors_info=&#8221;{}&#8221;][\/et_pb_image][et_pb_text _builder_version=&#8221;4.20.4&#8243; _module_preset=&#8221;default&#8221; text_font=&#8221;Bebas Neue||||||||&#8221; text_font_size=&#8221;16px&#8221; text_line_height=&#8221;2em&#8221; header_3_font=&#8221;Bebas Neue||||||||&#8221; header_3_font_size=&#8221;24px&#8221; background_color=&#8221;#FFFFFF&#8221; custom_padding=&#8221;|37px|15px|37px|false|false&#8221; global_colors_info=&#8221;{}&#8221;]<\/p>\n<h3 class=\"title fontWeight400 font--28 mb--10\" style=\"text-align: center;\">DISE\u00d1O GR\u00c1FICO<\/h3>\n<p style=\"text-align: center;\"><span>En una cultura visual,<\/span><br \/><span>la comunicaci\u00f3n del dise\u00f1o se vuelve<\/span><br \/><span>nuestro recurso m\u00e1s<\/span><br \/><span>preciado.<\/span><\/p>\n<p>[\/et_pb_text][\/et_pb_column][et_pb_column type=&#8221;1_3&#8243; _builder_version=&#8221;4.20.4&#8243; _module_preset=&#8221;default&#8221; global_colors_info=&#8221;{}&#8221;][et_pb_image src=&#8221;https:\/\/www.ts-latam.com\/wp-content\/uploads\/2023\/04\/btl.png&#8221; title_text=&#8221;btl&#8221; align=&#8221;center&#8221; _builder_version=&#8221;4.20.4&#8243; _module_preset=&#8221;default&#8221; background_color=&#8221;#FFFFFF&#8221; width=&#8221;150px&#8221; custom_margin=&#8221;||0px||false|false&#8221; custom_padding=&#8221;50px||40px||false|false&#8221; global_colors_info=&#8221;{}&#8221;][\/et_pb_image][et_pb_text _builder_version=&#8221;4.20.4&#8243; _module_preset=&#8221;default&#8221; text_font=&#8221;Bebas Neue||||||||&#8221; text_font_size=&#8221;16px&#8221; text_line_height=&#8221;2em&#8221; header_3_font=&#8221;Bebas Neue||||||||&#8221; header_3_font_size=&#8221;24px&#8221; background_color=&#8221;#FFFFFF&#8221; custom_padding=&#8221;|37px|15px|37px|false|false&#8221; global_colors_info=&#8221;{}&#8221;]<\/p>\n<h3 class=\"title fontWeight400 font--28 mb--10\" style=\"text-align: center;\">BTL<\/h3>\n<p style=\"text-align: center;\"><span>Con mucho o poco presupuesto se pueden crear acciones de alto impacto.<\/span><br \/><span>Aqu\u00ed el secreto est\u00e1 en el ingenio a la hora de maximizar los recursos disponibles.<\/span><\/p>\n<p>[\/et_pb_text][\/et_pb_column][et_pb_column type=&#8221;1_3&#8243; _builder_version=&#8221;4.20.4&#8243; _module_preset=&#8221;default&#8221; global_colors_info=&#8221;{}&#8221;][et_pb_image src=&#8221;https:\/\/www.ts-latam.com\/wp-content\/uploads\/2023\/04\/creacion_contenido.png&#8221; title_text=&#8221;creacion_contenido&#8221; align=&#8221;center&#8221; _builder_version=&#8221;4.20.4&#8243; _module_preset=&#8221;default&#8221; background_color=&#8221;#FFFFFF&#8221; width=&#8221;150px&#8221; custom_margin=&#8221;||0px||false|false&#8221; custom_padding=&#8221;50px||40px||false|false&#8221; global_colors_info=&#8221;{}&#8221;][\/et_pb_image][et_pb_text _builder_version=&#8221;4.20.4&#8243; _module_preset=&#8221;default&#8221; text_font=&#8221;Bebas Neue||||||||&#8221; text_font_size=&#8221;16px&#8221; text_line_height=&#8221;2em&#8221; header_3_font=&#8221;Bebas Neue||||||||&#8221; header_3_font_size=&#8221;24px&#8221; background_color=&#8221;#FFFFFF&#8221; custom_padding=&#8221;|37px|15px|37px|false|false&#8221; global_colors_info=&#8221;{}&#8221;]<\/p>\n<h3 class=\"title fontWeight400 font--28 mb--10\" style=\"text-align: center;\">Creaci\u00f3n de Contenido y Community Manager<\/h3>\n<p style=\"text-align: center;\"><span>Somos expertos en la potencializaci\u00f3n de sus activos digitales, trabajamos en base a an\u00e1lisis de datos para crear contenido e interacci\u00f3n que lleguen al coraz\u00f3n de su target.<\/span><\/p>\n<p>[\/et_pb_text][\/et_pb_column][\/et_pb_row][et_pb_row column_structure=&#8221;1_3,1_3,1_3&#8243; module_id=&#8221;servicios&#8221; _builder_version=&#8221;4.20.4&#8243; _module_preset=&#8221;default&#8221; width=&#8221;100%&#8221; max_width=&#8221;100%&#8221; custom_padding=&#8221;|80px||80px|false|false&#8221; animation_style=&#8221;slide&#8221; animation_direction=&#8221;bottom&#8221; global_colors_info=&#8221;{}&#8221;][et_pb_column type=&#8221;1_3&#8243; _builder_version=&#8221;4.20.4&#8243; _module_preset=&#8221;default&#8221; global_colors_info=&#8221;{}&#8221;][et_pb_image src=&#8221;https:\/\/www.ts-latam.com\/wp-content\/uploads\/2023\/04\/audiovisual.png&#8221; title_text=&#8221;audiovisual&#8221; align=&#8221;center&#8221; _builder_version=&#8221;4.20.4&#8243; _module_preset=&#8221;default&#8221; background_color=&#8221;#FFFFFF&#8221; width=&#8221;150px&#8221; custom_margin=&#8221;||0px||false|false&#8221; custom_padding=&#8221;50px||40px||false|false&#8221; global_colors_info=&#8221;{}&#8221;][\/et_pb_image][et_pb_text _builder_version=&#8221;4.20.4&#8243; _module_preset=&#8221;default&#8221; text_font=&#8221;Bebas Neue||||||||&#8221; text_font_size=&#8221;16px&#8221; text_line_height=&#8221;2em&#8221; header_3_font=&#8221;Bebas Neue||||||||&#8221; header_3_font_size=&#8221;24px&#8221; background_color=&#8221;#FFFFFF&#8221; custom_padding=&#8221;|37px|15px|37px|false|false&#8221; global_colors_info=&#8221;{}&#8221;]<\/p>\n<h3 class=\"title fontWeight400 font--28 mb--10\" style=\"text-align: center;\">Producci\u00f3n Audiovisual<br \/>y Fotogr\u00e1fica<\/h3>\n<p style=\"text-align: center;\"><span>Indispensable producir contenido<\/span><br \/><span>diferenciador<\/span><br \/><span>que conecte con el p\u00fablico meta.<\/span><\/p>\n<p>[\/et_pb_text][\/et_pb_column][et_pb_column type=&#8221;1_3&#8243; _builder_version=&#8221;4.20.4&#8243; _module_preset=&#8221;default&#8221; global_colors_info=&#8221;{}&#8221;][et_pb_image src=&#8221;https:\/\/www.ts-latam.com\/wp-content\/uploads\/2023\/04\/diseno_producto.png&#8221; title_text=&#8221;diseno_producto&#8221; align=&#8221;center&#8221; _builder_version=&#8221;4.20.4&#8243; _module_preset=&#8221;default&#8221; background_color=&#8221;#FFFFFF&#8221; width=&#8221;150px&#8221; custom_margin=&#8221;||0px||false|false&#8221; custom_padding=&#8221;50px||40px||false|false&#8221; global_colors_info=&#8221;{}&#8221;][\/et_pb_image][et_pb_text _builder_version=&#8221;4.20.4&#8243; _module_preset=&#8221;default&#8221; text_font=&#8221;Bebas Neue||||||||&#8221; text_font_size=&#8221;16px&#8221; text_line_height=&#8221;2em&#8221; header_3_font=&#8221;Bebas Neue||||||||&#8221; header_3_font_size=&#8221;24px&#8221; background_color=&#8221;#FFFFFF&#8221; custom_padding=&#8221;|37px|15px|37px|false|false&#8221; global_colors_info=&#8221;{}&#8221;]<\/p>\n<h3 class=\"title fontWeight400 font--28 mb--10\" style=\"text-align: center;\">DISE\u00d1O Y PRODUCCION DE PRODUCTOS<\/h3>\n<p style=\"text-align: center;\"><span>Asesoramos, creamos y desarrollamos<\/span><br \/><span>todo tipo de productos basados en<\/span><br \/><span>investigaci\u00f3n de mercado para crear<\/span><br \/><span>ideas arriesgadas.<\/span><\/p>\n<p>[\/et_pb_text][\/et_pb_column][et_pb_column type=&#8221;1_3&#8243; _builder_version=&#8221;4.20.4&#8243; _module_preset=&#8221;default&#8221; global_colors_info=&#8221;{}&#8221;][et_pb_image src=&#8221;https:\/\/www.ts-latam.com\/wp-content\/uploads\/2023\/04\/impresion.png&#8221; title_text=&#8221;impresion&#8221; align=&#8221;center&#8221; _builder_version=&#8221;4.20.4&#8243; _module_preset=&#8221;default&#8221; background_color=&#8221;#FFFFFF&#8221; width=&#8221;150px&#8221; custom_margin=&#8221;||0px||false|false&#8221; custom_padding=&#8221;50px||40px||false|false&#8221; global_colors_info=&#8221;{}&#8221;][\/et_pb_image][et_pb_text _builder_version=&#8221;4.20.4&#8243; _module_preset=&#8221;default&#8221; text_font=&#8221;Bebas Neue||||||||&#8221; text_font_size=&#8221;16px&#8221; text_line_height=&#8221;2em&#8221; header_3_font=&#8221;Bebas Neue||||||||&#8221; header_3_font_size=&#8221;24px&#8221; background_color=&#8221;#FFFFFF&#8221; custom_padding=&#8221;|37px|15px|37px|false|false&#8221; global_colors_info=&#8221;{}&#8221;]<\/p>\n<h3 class=\"title fontWeight400 font--28 mb--10\" style=\"text-align: center;\">REALIDAD AUMENTADA<\/h3>\n<p style=\"text-align: center;\"><span>Nuestra curiosidad no tiene l\u00edmites, nos mantenemos a la vanguardia de las herramientas tecnol\u00f3gicas del mercado actual. Conozca c\u00f3mo la realidad aumentada puede llevar la interacci\u00f3n de su marca al siguiente nivel.<\/span><\/p>\n<p>[\/et_pb_text][\/et_pb_column][\/et_pb_row][et_pb_row column_structure=&#8221;1_3,1_3,1_3&#8243; module_id=&#8221;servicios&#8221; _builder_version=&#8221;4.20.4&#8243; _module_preset=&#8221;default&#8221; width=&#8221;100%&#8221; max_width=&#8221;100%&#8221; custom_padding=&#8221;|80px||80px|false|false&#8221; animation_style=&#8221;slide&#8221; animation_direction=&#8221;bottom&#8221; global_colors_info=&#8221;{}&#8221;][et_pb_column type=&#8221;1_3&#8243; _builder_version=&#8221;4.20.4&#8243; _module_preset=&#8221;default&#8221; global_colors_info=&#8221;{}&#8221;][et_pb_image src=&#8221;https:\/\/www.ts-latam.com\/wp-content\/uploads\/2023\/04\/audiologo.png&#8221; title_text=&#8221;audiologo&#8221; align=&#8221;center&#8221; _builder_version=&#8221;4.20.4&#8243; _module_preset=&#8221;default&#8221; background_color=&#8221;#FFFFFF&#8221; width=&#8221;150px&#8221; custom_margin=&#8221;||0px||false|false&#8221; custom_padding=&#8221;50px||40px||false|false&#8221; global_colors_info=&#8221;{}&#8221;][\/et_pb_image][et_pb_text _builder_version=&#8221;4.20.4&#8243; _module_preset=&#8221;default&#8221; text_font=&#8221;Bebas Neue||||||||&#8221; text_font_size=&#8221;16px&#8221; text_line_height=&#8221;2em&#8221; header_3_font=&#8221;Bebas Neue||||||||&#8221; header_3_font_size=&#8221;24px&#8221; background_color=&#8221;#FFFFFF&#8221; custom_padding=&#8221;|37px|15px|37px|false|false&#8221; global_colors_info=&#8221;{}&#8221;]<\/p>\n<h3 class=\"title fontWeight400 font--28 mb--10\" style=\"text-align: center;\">Audiobranding<\/h3>\n<p style=\"text-align: center;\"><span>Nos especializamos en crear posibilidades diferenciadoras para su marca, el poder del sonido conecta de forma directa con la emocionalidad de los clientes y genera recordaci\u00f3n inmediata.<\/span><\/p>\n<p>[\/et_pb_text][\/et_pb_column][et_pb_column type=&#8221;1_3&#8243; _builder_version=&#8221;4.20.4&#8243; _module_preset=&#8221;default&#8221; global_colors_info=&#8221;{}&#8221;][et_pb_image src=&#8221;https:\/\/www.ts-latam.com\/wp-content\/uploads\/2023\/04\/impresio_gf.png&#8221; title_text=&#8221;impresio_gf&#8221; align=&#8221;center&#8221; _builder_version=&#8221;4.20.4&#8243; _module_preset=&#8221;default&#8221; background_color=&#8221;#FFFFFF&#8221; width=&#8221;150px&#8221; custom_margin=&#8221;||0px||false|false&#8221; custom_padding=&#8221;50px||40px||false|false&#8221; global_colors_info=&#8221;{}&#8221;][\/et_pb_image][et_pb_text _builder_version=&#8221;4.20.4&#8243; _module_preset=&#8221;default&#8221; text_font=&#8221;Bebas Neue||||||||&#8221; text_font_size=&#8221;16px&#8221; text_line_height=&#8221;2em&#8221; header_3_font=&#8221;Bebas Neue||||||||&#8221; header_3_font_size=&#8221;24px&#8221; background_color=&#8221;#FFFFFF&#8221; custom_padding=&#8221;|37px|15px|37px|false|false&#8221; global_colors_info=&#8221;{}&#8221;]<\/p>\n<h3 class=\"title fontWeight400 font--28 mb--10\" style=\"text-align: center;\">Impresi\u00f3n Digital de gran y peque\u00f1o formato<\/h3>\n<p style=\"text-align: center;\"><span>Ofrecemos un servicio 360, desde el dise\u00f1o de su imagen hasta la producci\u00f3n de toda clase de productos de branding para plasmar su identidad y explotar la experiencia de su marca para clientes y equipos de trabajo.<\/span><\/p>\n<p>[\/et_pb_text][\/et_pb_column][et_pb_column type=&#8221;1_3&#8243; _builder_version=&#8221;4.20.4&#8243; _module_preset=&#8221;default&#8221; global_colors_info=&#8221;{}&#8221;][\/et_pb_column][\/et_pb_row][\/et_pb_section][et_pb_section fb_built=&#8221;1&#8243; _builder_version=&#8221;4.20.4&#8243; _module_preset=&#8221;default&#8221; background_image=&#8221;https:\/\/www.ts-latam.com\/wp-content\/uploads\/2023\/04\/bg-image-5.jpg&#8221; custom_margin=&#8221;0px|0px|0px|0px|false|false&#8221; custom_padding=&#8221;0px|0px|0px|0px|false|false&#8221; hover_enabled=&#8221;0&#8243; global_colors_info=&#8221;{}&#8221; module_id=&#8221;img_secundaria&#8221; sticky_enabled=&#8221;0&#8243;][et_pb_row _builder_version=&#8221;4.20.4&#8243; _module_preset=&#8221;default&#8221; width=&#8221;100%&#8221; max_width=&#8221;1200px&#8221; global_colors_info=&#8221;{}&#8221;][et_pb_column type=&#8221;4_4&#8243; _builder_version=&#8221;4.20.4&#8243; _module_preset=&#8221;default&#8221; global_colors_info=&#8221;{}&#8221;][et_pb_text _builder_version=&#8221;4.20.4&#8243; _module_preset=&#8221;default&#8221; text_font=&#8221;Bebas Neue|700|||||||&#8221; text_text_color=&#8221;#FFFFFF&#8221; text_font_size=&#8221;36px&#8221; text_line_height=&#8221;1em&#8221; custom_margin=&#8221;100px||100px||false|false&#8221; global_colors_info=&#8221;{}&#8221;]<\/p>\n<p style=\"text-align: center;\"><span>\u201cEl liderazgo estrat\u00e9gico es aprender de los errores<\/span><\/p>\n<p style=\"text-align: center;\"><span style=\"font-size: 36px;\">y celebrar los triunfos compartidos. \u201d<\/span><\/p>\n<p style=\"text-align: center;\"><span>&#8211; Estefan\u00eda Junes &#8211;<\/span><\/p>\n<p style=\"text-align: center;\"><span style=\"font-size: 36px;\">Gerente Comercial<\/span><\/p>\n<p>[\/et_pb_text][\/et_pb_column][\/et_pb_row][\/et_pb_section]<\/p>\n","protected":false},"excerpt":{"rendered":"<p>ServiciosMarketing y Publicidad Debemos aportar valor a la vida de las personas consumidoras de forma estrat\u00e9gica, con servicios, productos y contenidos que mejoren su cotidianidad de forma inmediata.Comunicaci\u00f3n Estrat\u00e9gica Para proyectos ambiciosos senecesita una estrategia que aporte alto valor e integre cada elemento para comunicar nuestro mensaje de forma organizada y asertiva.Branding Una marca tiene [&hellip;]<\/p>\n","protected":false},"author":1,"featured_media":0,"parent":0,"menu_order":0,"comment_status":"closed","ping_status":"closed","template":"","meta":{"_et_pb_use_builder":"on","_et_pb_old_content":"","_et_gb_content_width":"","_monsterinsights_skip_tracking":false,"_monsterinsights_sitenote_active":false,"_monsterinsights_sitenote_note":"","_monsterinsights_sitenote_category":0,"_uf_show_specific_survey":0,"_uf_disable_surveys":false,"_joinchat":[],"footnotes":""},"class_list":["post-84","page","type-page","status-publish","hentry"],"aioseo_notices":[],"_links":{"self":[{"href":"https:\/\/www.ts-latam.com\/index.php?rest_route=\/wp\/v2\/pages\/84","targetHints":{"allow":["GET"]}}],"collection":[{"href":"https:\/\/www.ts-latam.com\/index.php?rest_route=\/wp\/v2\/pages"}],"about":[{"href":"https:\/\/www.ts-latam.com\/index.php?rest_route=\/wp\/v2\/types\/page"}],"author":[{"embeddable":true,"href":"https:\/\/www.ts-latam.com\/index.php?rest_route=\/wp\/v2\/users\/1"}],"replies":[{"embeddable":true,"href":"https:\/\/www.ts-latam.com\/index.php?rest_route=%2Fwp%2Fv2%2Fcomments&post=84"}],"version-history":[{"count":5,"href":"https:\/\/www.ts-latam.com\/index.php?rest_route=\/wp\/v2\/pages\/84\/revisions"}],"predecessor-version":[{"id":614,"href":"https:\/\/www.ts-latam.com\/index.php?rest_route=\/wp\/v2\/pages\/84\/revisions\/614"}],"wp:attachment":[{"href":"https:\/\/www.ts-latam.com\/index.php?rest_route=%2Fwp%2Fv2%2Fmedia&parent=84"}],"curies":[{"name":"wp","href":"https:\/\/api.w.org\/{rel}","templated":true}]}}